{"id":15,"date":"2023-03-08T00:52:48","date_gmt":"2023-03-08T00:52:48","guid":{"rendered":"https:\/\/burningblockstobuildingblocks.com\/store\/?post_type=product&#038;p=15"},"modified":"2025-12-04T15:10:00","modified_gmt":"2025-12-04T15:10:00","slug":"del-ardiente-fuego-al-paraiso","status":"publish","type":"product","link":"https:\/\/burningblockstobuildingblocks.com\/store\/product\/del-ardiente-fuego-al-paraiso\/","title":{"rendered":"Del Ardiente Fuego Al Paraiso"},"content":{"rendered":"<p>Del Ardiente Fuego Al Paraiso cuenta la historia de William de c\u00f3mo se meti\u00f3 en la vida del crimen a la tierna edad de doce a\u00f1os robando y quemando autos, hasta un crimen gradualmente m\u00e1s extremo y violento. Despu\u00e9s de m\u00faltiples arrestos durante su adolescencia y una temporada en un centro de detenci\u00f3n juvenil, a la edad de dieciocho a\u00f1os finalmente fue encerrado durante veinte a\u00f1os por m\u00faltiples delitos violentos. Una vez en prisi\u00f3n, comenz\u00f3 la verdadera lucha de William, la lucha por la supervivencia. Desde la rutina diaria de la vida en prisi\u00f3n, hasta la guerra regular de pandillas dentro de los muros de la penitenciar\u00eda, William no solo sobrevivi\u00f3, sino que tras su liberaci\u00f3n le prometi\u00f3 a su madre que reconstruir\u00eda su vida y la convertir\u00eda en un gran \u00e9xito.<\/p>\n","protected":false},"excerpt":{"rendered":"<p>Del Ardiente Fuego Al Paraiso cuenta la historia de William de c\u00f3mo se meti\u00f3 en la vida del crimen a la tierna<span class=\"more-button\"><a href=\"https:\/\/burningblockstobuildingblocks.com\/store\/product\/del-ardiente-fuego-al-paraiso\/\" class=\"more-link more-icon\">Continue reading<span class=\"screen-reader-text\">Del Ardiente Fuego Al Paraiso<\/span><\/a><\/span><\/p>\n","protected":false},"featured_media":14,"template":"","meta":[],"product_brand":[],"product_cat":[19],"product_tag":[],"class_list":{"0":"post-15","1":"product","2":"type-product","3":"status-publish","4":"has-post-thumbnail","6":"product_cat-espanol","8":"first","9":"instock","10":"taxable","11":"shipping-taxable","12":"purchasable","13":"product-type-simple"},"jetpack_sharing_enabled":true,"_links":{"self":[{"href":"https:\/\/burningblockstobuildingblocks.com\/store\/wp-json\/wp\/v2\/product\/15","targetHints":{"allow":["GET"]}}],"collection":[{"href":"https:\/\/burningblockstobuildingblocks.com\/store\/wp-json\/wp\/v2\/product"}],"about":[{"href":"https:\/\/burningblockstobuildingblocks.com\/store\/wp-json\/wp\/v2\/types\/product"}],"wp:featuredmedia":[{"embeddable":true,"href":"https:\/\/burningblockstobuildingblocks.com\/store\/wp-json\/wp\/v2\/media\/14"}],"wp:attachment":[{"href":"https:\/\/burningblockstobuildingblocks.com\/store\/wp-json\/wp\/v2\/media?parent=15"}],"wp:term":[{"taxonomy":"product_brand","embeddable":true,"href":"https:\/\/burningblockstobuildingblocks.com\/store\/wp-json\/wp\/v2\/product_brand?post=15"},{"taxonomy":"product_cat","embeddable":true,"href":"https:\/\/burningblockstobuildingblocks.com\/store\/wp-json\/wp\/v2\/product_cat?post=15"},{"taxonomy":"product_tag","embeddable":true,"href":"https:\/\/burningblockstobuildingblocks.com\/store\/wp-json\/wp\/v2\/product_tag?post=15"}],"curies":[{"name":"wp","href":"https:\/\/api.w.org\/{rel}","templated":true}]}}